{"id":17217,"date":"2022-11-30T16:09:17","date_gmt":"2022-11-30T16:09:17","guid":{"rendered":"https:\/\/myvitapets.com\/contact\/"},"modified":"2025-01-22T14:28:58","modified_gmt":"2025-01-22T12:28:58","slug":"contact","status":"publish","type":"page","link":"https:\/\/myvitapets.com\/cs\/contact\/","title":{"rendered":"Kontakt"},"content":{"rendered":"\t\t<div data-elementor-type=\"wp-page\" data-elementor-id=\"17217\" class=\"elementor elementor-17217 elementor-29\" data-elementor-post-type=\"page\">\n\t\t\t\t<div class=\"elementor-element elementor-element-8f4cee5 e-flex e-con-boxed e-con e-parent\" data-id=\"8f4cee5\" data-element_type=\"container\" data-e-type=\"container\">\n\t\t\t\t\t<div class=\"e-con-inner\">\n\t\t\t\t<div class=\"elementor-element elementor-element-e781b79 elementor-widget elementor-widget-wd_contact_form_7\" data-id=\"e781b79\" data-element_type=\"widget\" data-e-type=\"widget\" data-widget_type=\"wd_contact_form_7.default\">\n\t\t\t\t<div class=\"elementor-widget-container\">\n\t\t\t\t\t\n<div class=\"wpcf7 no-js\" id=\"wpcf7-f28157-o1\" lang=\"en-US\" dir=\"ltr\">\n<div class=\"screen-reader-response\"><p role=\"status\" aria-live=\"polite\" aria-atomic=\"true\"><\/p> <ul><\/ul><\/div>\n<form action=\"\/cs\/wp-json\/wp\/v2\/pages\/17217#wpcf7-f28157-o1\" method=\"post\" class=\"wpcf7-form init\" aria-label=\"Contact form\" novalidate=\"novalidate\" data-status=\"init\">\n<div style=\"display: none;\">\n<input type=\"hidden\" name=\"_wpcf7\" value=\"28157\" \/>\n<input type=\"hidden\" name=\"_wpcf7_version\" value=\"5.9.3\" \/>\n<input type=\"hidden\" name=\"_wpcf7_locale\" value=\"en_US\" \/>\n<input type=\"hidden\" name=\"_wpcf7_unit_tag\" value=\"wpcf7-f28157-o1\" \/>\n<input type=\"hidden\" name=\"_wpcf7_container_post\" value=\"0\" \/>\n<input type=\"hidden\" name=\"_wpcf7_posted_data_hash\" value=\"\" \/>\n<input type=\"hidden\" name=\"_wpcf7_recaptcha_response\" value=\"\" \/>\n<\/div>\n<div class=\"row\">\n\t<p class=\"col-md-6\"><span class=\"wpcf7-form-control-wrap\" data-name=\"First\"><input size=\"40\" class=\"wpcf7-form-control wpcf7-text wpcf7-validates-as-required\" aria-required=\"true\" aria-invalid=\"false\" placeholder=\"Jm\u00e9no\" value=\"\" type=\"text\" name=\"First\" \/><\/span>\n\t<\/p>\n\t<p class=\"col-md-6\"><span class=\"wpcf7-form-control-wrap\" data-name=\"Last\"><input size=\"40\" class=\"wpcf7-form-control wpcf7-text wpcf7-validates-as-required\" aria-required=\"true\" aria-invalid=\"false\" placeholder=\"P\u0159\u00edjmen\u00ed\" value=\"\" type=\"text\" name=\"Last\" \/><\/span>\n\t<\/p>\n<\/div>\n<p><span class=\"wpcf7-form-control-wrap\" data-name=\"Email\"><input size=\"40\" class=\"wpcf7-form-control wpcf7-email wpcf7-validates-as-required wpcf7-text wpcf7-validates-as-email\" aria-required=\"true\" aria-invalid=\"false\" placeholder=\"Emailov\u00e1 adresa\" value=\"\" type=\"email\" name=\"Email\" \/><\/span>\n<\/p>\n<p><span class=\"wpcf7-form-control-wrap\" data-name=\"your-message\"><textarea cols=\"40\" rows=\"10\" class=\"wpcf7-form-control wpcf7-textarea\" aria-invalid=\"false\" placeholder=\"Va\u0161e zpr\u00e1va\" name=\"your-message\"><\/textarea><\/span>\n<\/p>\n<p><input class=\"wpcf7-form-control wpcf7-submit has-spinner btn btn-color-primary btn-style-semi-round\" type=\"submit\" value=\"Poslat\" \/>\n<\/p><div class=\"wpcf7-response-output\" aria-hidden=\"true\"><\/div>\n<\/form>\n<\/div>\n\t\t\t\t<\/div>\n\t\t\t\t<\/div>\n\t\t\t\t\t<\/div>\n\t\t\t\t<\/div>\n\t\t\t\t<\/div>\n\t\t","protected":false},"excerpt":{"rendered":"","protected":false},"author":1,"featured_media":0,"parent":0,"menu_order":0,"comment_status":"closed","ping_status":"closed","template":"","meta":{"footnotes":""},"class_list":["post-17217","page","type-page","status-publish","hentry"],"yoast_head":"<!-- This site is optimized with the Yoast SEO plugin v22.6 - https:\/\/yoast.com\/wordpress\/plugins\/seo\/ -->\n<title>Kontakt - My VIta Pets<\/title>\n<meta name=\"robots\" content=\"index, follow, max-snippet:-1, max-image-preview:large, max-video-preview:-1\" \/>\n<link rel=\"canonical\" href=\"https:\/\/myvitapets.com\/cs\/contact\/\" \/>\n<meta property=\"og:locale\" content=\"cs_CZ\" \/>\n<meta property=\"og:type\" content=\"article\" \/>\n<meta property=\"og:title\" content=\"Kontakt - My VIta Pets\" \/>\n<meta property=\"og:url\" content=\"https:\/\/myvitapets.com\/cs\/contact\/\" \/>\n<meta property=\"og:site_name\" content=\"My VIta Pets\" \/>\n<meta property=\"article:modified_time\" content=\"2025-01-22T12:28:58+00:00\" \/>\n<meta property=\"og:image\" content=\"https:\/\/myvitapets.com\/wp-content\/uploads\/2024\/09\/images-9.jpeg\" \/>\n\t<meta property=\"og:image:width\" content=\"225\" \/>\n\t<meta property=\"og:image:height\" content=\"225\" \/>\n\t<meta property=\"og:image:type\" content=\"image\/jpeg\" \/>\n<meta name=\"twitter:card\" content=\"summary_large_image\" \/>\n<script type=\"application\/ld+json\" class=\"yoast-schema-graph\">{\"@context\":\"https:\/\/schema.org\",\"@graph\":[{\"@type\":\"WebPage\",\"@id\":\"https:\/\/myvitapets.com\/cs\/contact\/\",\"url\":\"https:\/\/myvitapets.com\/cs\/contact\/\",\"name\":\"Kontakt - My VIta Pets\",\"isPartOf\":{\"@id\":\"https:\/\/myvitapets.com\/#website\"},\"datePublished\":\"2022-11-30T16:09:17+00:00\",\"dateModified\":\"2025-01-22T12:28:58+00:00\",\"breadcrumb\":{\"@id\":\"https:\/\/myvitapets.com\/cs\/contact\/#breadcrumb\"},\"inLanguage\":\"cs\",\"potentialAction\":[{\"@type\":\"ReadAction\",\"target\":[\"https:\/\/myvitapets.com\/cs\/contact\/\"]}]},{\"@type\":\"BreadcrumbList\",\"@id\":\"https:\/\/myvitapets.com\/cs\/contact\/#breadcrumb\",\"itemListElement\":[{\"@type\":\"ListItem\",\"position\":1,\"name\":\"Home\",\"item\":\"https:\/\/myvitapets.com\/\"},{\"@type\":\"ListItem\",\"position\":2,\"name\":\"Kontakt\"}]},{\"@type\":\"WebSite\",\"@id\":\"https:\/\/myvitapets.com\/#website\",\"url\":\"https:\/\/myvitapets.com\/\",\"name\":\"Vitaten EU\",\"description\":\"Online Store\",\"publisher\":{\"@id\":\"https:\/\/myvitapets.com\/#organization\"},\"alternateName\":\"VIGATEN\",\"potentialAction\":[{\"@type\":\"SearchAction\",\"target\":{\"@type\":\"EntryPoint\",\"urlTemplate\":\"https:\/\/myvitapets.com\/?s={search_term_string}\"},\"query-input\":\"required name=search_term_string\"}],\"inLanguage\":\"cs\"},{\"@type\":\"Organization\",\"@id\":\"https:\/\/myvitapets.com\/#organization\",\"name\":\"Vitegen EU\",\"url\":\"https:\/\/myvitapets.com\/\",\"logo\":{\"@type\":\"ImageObject\",\"inLanguage\":\"cs\",\"@id\":\"https:\/\/myvitapets.com\/#\/schema\/logo\/image\/\",\"url\":\"https:\/\/myvitapets.com\/wp-content\/uploads\/2024\/09\/images-9.jpeg\",\"contentUrl\":\"https:\/\/myvitapets.com\/wp-content\/uploads\/2024\/09\/images-9.jpeg\",\"width\":225,\"height\":225,\"caption\":\"Vitegen EU\"},\"image\":{\"@id\":\"https:\/\/myvitapets.com\/#\/schema\/logo\/image\/\"}}]}<\/script>\n<!-- \/ Yoast SEO plugin. -->","yoast_head_json":{"title":"Kontakt - My VIta Pets","robots":{"index":"index","follow":"follow","max-snippet":"max-snippet:-1","max-image-preview":"max-image-preview:large","max-video-preview":"max-video-preview:-1"},"canonical":"https:\/\/myvitapets.com\/cs\/contact\/","og_locale":"cs_CZ","og_type":"article","og_title":"Kontakt - My VIta Pets","og_url":"https:\/\/myvitapets.com\/cs\/contact\/","og_site_name":"My VIta Pets","article_modified_time":"2025-01-22T12:28:58+00:00","og_image":[{"width":225,"height":225,"url":"https:\/\/myvitapets.com\/wp-content\/uploads\/2024\/09\/images-9.jpeg","type":"image\/jpeg"}],"twitter_card":"summary_large_image","schema":{"@context":"https:\/\/schema.org","@graph":[{"@type":"WebPage","@id":"https:\/\/myvitapets.com\/cs\/contact\/","url":"https:\/\/myvitapets.com\/cs\/contact\/","name":"Kontakt - My VIta Pets","isPartOf":{"@id":"https:\/\/myvitapets.com\/#website"},"datePublished":"2022-11-30T16:09:17+00:00","dateModified":"2025-01-22T12:28:58+00:00","breadcrumb":{"@id":"https:\/\/myvitapets.com\/cs\/contact\/#breadcrumb"},"inLanguage":"cs","potentialAction":[{"@type":"ReadAction","target":["https:\/\/myvitapets.com\/cs\/contact\/"]}]},{"@type":"BreadcrumbList","@id":"https:\/\/myvitapets.com\/cs\/contact\/#breadcrumb","itemListElement":[{"@type":"ListItem","position":1,"name":"Home","item":"https:\/\/myvitapets.com\/"},{"@type":"ListItem","position":2,"name":"Kontakt"}]},{"@type":"WebSite","@id":"https:\/\/myvitapets.com\/#website","url":"https:\/\/myvitapets.com\/","name":"Vitaten EU","description":"Online Store","publisher":{"@id":"https:\/\/myvitapets.com\/#organization"},"alternateName":"VIGATEN","potentialAction":[{"@type":"SearchAction","target":{"@type":"EntryPoint","urlTemplate":"https:\/\/myvitapets.com\/?s={search_term_string}"},"query-input":"required name=search_term_string"}],"inLanguage":"cs"},{"@type":"Organization","@id":"https:\/\/myvitapets.com\/#organization","name":"Vitegen EU","url":"https:\/\/myvitapets.com\/","logo":{"@type":"ImageObject","inLanguage":"cs","@id":"https:\/\/myvitapets.com\/#\/schema\/logo\/image\/","url":"https:\/\/myvitapets.com\/wp-content\/uploads\/2024\/09\/images-9.jpeg","contentUrl":"https:\/\/myvitapets.com\/wp-content\/uploads\/2024\/09\/images-9.jpeg","width":225,"height":225,"caption":"Vitegen EU"},"image":{"@id":"https:\/\/myvitapets.com\/#\/schema\/logo\/image\/"}}]}},"_links":{"self":[{"href":"https:\/\/myvitapets.com\/cs\/wp-json\/wp\/v2\/pages\/17217","targetHints":{"allow":["GET"]}}],"collection":[{"href":"https:\/\/myvitapets.com\/cs\/wp-json\/wp\/v2\/pages"}],"about":[{"href":"https:\/\/myvitapets.com\/cs\/wp-json\/wp\/v2\/types\/page"}],"author":[{"embeddable":true,"href":"https:\/\/myvitapets.com\/cs\/wp-json\/wp\/v2\/users\/1"}],"replies":[{"embeddable":true,"href":"https:\/\/myvitapets.com\/cs\/wp-json\/wp\/v2\/comments?post=17217"}],"version-history":[{"count":6,"href":"https:\/\/myvitapets.com\/cs\/wp-json\/wp\/v2\/pages\/17217\/revisions"}],"predecessor-version":[{"id":43717,"href":"https:\/\/myvitapets.com\/cs\/wp-json\/wp\/v2\/pages\/17217\/revisions\/43717"}],"wp:attachment":[{"href":"https:\/\/myvitapets.com\/cs\/wp-json\/wp\/v2\/media?parent=17217"}],"curies":[{"name":"wp","href":"https:\/\/api.w.org\/{rel}","templated":true}]}}